{"id":22091,"date":"2025-06-06T10:30:06","date_gmt":"2025-06-06T08:30:06","guid":{"rendered":"https:\/\/bistrotcolette.com\/bourgoinjallieu\/?page_id=22091"},"modified":"2025-09-18T09:06:27","modified_gmt":"2025-09-18T07:06:27","slug":"c","status":"publish","type":"page","link":"https:\/\/bistrotcolette.com\/bourgoinjallieu\/c\/","title":{"rendered":"Click and Collect"},"content":{"rendered":"\t\t<div data-elementor-type=\"wp-page\" data-elementor-id=\"22091\" class=\"elementor elementor-22091\">\n\t\t\t\t\t\t<section class=\"elementor-section elementor-top-section elementor-element elementor-element-855781d elementor-section-boxed elementor-section-height-default elementor-section-height-default sc_fly_static\" data-id=\"855781d\" data-element_type=\"section\">\n\t\t\t\t\t\t<div class=\"elementor-container elementor-column-gap-extended\">\n\t\t\t\t\t<div class=\"elementor-column elementor-col-100 elementor-top-column elementor-element elementor-element-7ad081d sc_inner_width_none sc_content_align_inherit sc_layouts_column_icons_position_left sc_fly_static\" data-id=\"7ad081d\" data-element_type=\"column\">\n\t\t\t<div class=\"elementor-widget-wrap elementor-element-populated\">\n\t\t\t\t\t\t<div class=\"elementor-element elementor-element-28d2965 sc_fly_static elementor-widget elementor-widget-heading\" data-id=\"28d2965\" data-element_type=\"widget\" data-widget_type=\"heading.default\">\n\t\t\t\t<div class=\"elementor-widget-container\">\n\t\t\t<h2 class=\"elementor-heading-title elementor-size-default\">Commandez vos plats \u00e0 emporter !<\/h2>\t\t<\/div>\n\t\t\t\t<\/div>\n\t\t\t\t<div class=\"elementor-element elementor-element-011527e sc_fly_static elementor-widget elementor-widget-text-editor\" data-id=\"011527e\" data-element_type=\"widget\" data-widget_type=\"text-editor.default\">\n\t\t\t\t<div class=\"elementor-widget-container\">\n\t\t\t\t\t\t\t<p class=\"\" data-start=\"101\" data-end=\"285\">Au Bistrot Colette, savourez nos plats faits maison&#8230; m\u00eame chez vous !<br data-start=\"183\" data-end=\"186\" \/>Nous vous proposons un service de commande par t\u00e9l\u00e9phone avec retrait sur place en Click &amp; Collect.<\/p><p class=\"\" data-start=\"287\" data-end=\"476\">\ud83d\udcde Passez votre commande au <a href=\"https:\/\/www.google.com\/search?q=bistrot+colette+bourgoin&amp;rlz=1C5CHFA_enFR1156FR1156&amp;oq=bistrot+colette+bourgoin+&amp;gs_lcrp=EgZjaHJvbWUyDAgAEEUYORiABBiiBDINCAEQLhivARjHARiABDIICAIQABgWGB4yCAgDEAAYFhgeMggIBBAAGBYYHjIGCAUQRRg8MgYIBhBFGDwyBggHEEUYPNIBCDgxMDlqMGo5qAIAsAIB&amp;sourceid=chrome&amp;ie=UTF-8#\" data-dtype=\"d3ph\" data-local-attribute=\"d3ph\" data-ved=\"2ahUKEwiw4O3asdyNAxW0TqQEHZp0OysQkAgoAHoECC4QAg\" rel=\"noopener\"><span aria-label=\"Appeler le 04 74 43 31 70\">04 74 43 31 70<\/span><\/a><br data-start=\"416\" data-end=\"419\" \/>\ud83d\udccd Retrait directement au bistrot<\/p><p class=\"\" data-start=\"478\" data-end=\"707\">Profitez de la cuisine g\u00e9n\u00e9reuse et conviviale de Colette \u00e0 emporter : plats du jour, classiques du bistrot, desserts maison&#8230;<\/p><p class=\"\" data-start=\"478\" data-end=\"707\"><br data-start=\"605\" data-end=\"608\" \/>Consultez notre carte du moment sur le site ou appelez-nous pour conna\u00eetre les suggestions du chef.<\/p>\t\t\t\t\t\t<\/div>\n\t\t\t\t<\/div>\n\t\t\t\t<div class=\"elementor-element elementor-element-f5c2b37 sc_fly_static elementor-widget elementor-widget-spacer\" data-id=\"f5c2b37\" data-element_type=\"widget\" data-widget_type=\"spacer.default\">\n\t\t\t\t<div class=\"elementor-widget-container\">\n\t\t\t\t\t<div class=\"elementor-spacer\">\n\t\t\t<div class=\"elementor-spacer-inner\"><\/div>\n\t\t<\/div>\n\t\t\t\t<\/div>\n\t\t\t\t<\/div>\n\t\t\t\t<div class=\"elementor-element elementor-element-ff2231f sc_fly_static elementor-widget elementor-widget-image\" data-id=\"ff2231f\" data-element_type=\"widget\" data-widget_type=\"image.default\">\n\t\t\t\t<div class=\"elementor-widget-container\">\n\t\t\t\t\t\t\t\t\t\t\t\t\t<img fetchpriority=\"high\" decoding=\"async\" width=\"724\" height=\"1024\" src=\"https:\/\/bistrotcolette.com\/bourgoinjallieu\/wp-content\/uploads\/2025\/09\/Carte-a-emporter-1-1-724x1024.png\" class=\"attachment-large size-large wp-image-22267\" alt=\"\" srcset=\"https:\/\/bistrotcolette.com\/bourgoinjallieu\/wp-content\/uploads\/2025\/09\/Carte-a-emporter-1-1-724x1024.png 724w, https:\/\/bistrotcolette.com\/bourgoinjallieu\/wp-content\/uploads\/2025\/09\/Carte-a-emporter-1-1-212x300.png 212w, https:\/\/bistrotcolette.com\/bourgoinjallieu\/wp-content\/uploads\/2025\/09\/Carte-a-emporter-1-1-768x1086.png 768w, https:\/\/bistrotcolette.com\/bourgoinjallieu\/wp-content\/uploads\/2025\/09\/Carte-a-emporter-1-1-1086x1536.png 1086w, https:\/\/bistrotcolette.com\/bourgoinjallieu\/wp-content\/uploads\/2025\/09\/Carte-a-emporter-1-1-1448x2048.png 1448w, https:\/\/bistrotcolette.com\/bourgoinjallieu\/wp-content\/uploads\/2025\/09\/Carte-a-emporter-1-1-370x523.png 370w, https:\/\/bistrotcolette.com\/bourgoinjallieu\/wp-content\/uploads\/2025\/09\/Carte-a-emporter-1-1-840x1188.png 840w, https:\/\/bistrotcolette.com\/bourgoinjallieu\/wp-content\/uploads\/2025\/09\/Carte-a-emporter-1-1-410x580.png 410w, https:\/\/bistrotcolette.com\/bourgoinjallieu\/wp-content\/uploads\/2025\/09\/Carte-a-emporter-1-1-600x848.png 600w, https:\/\/bistrotcolette.com\/bourgoinjallieu\/wp-content\/uploads\/2025\/09\/Carte-a-emporter-1-1-scaled.png 1811w\" sizes=\"(max-width: 724px) 100vw, 724px\" \/>\t\t\t\t\t\t\t\t\t\t\t\t\t<\/div>\n\t\t\t\t<\/div>\n\t\t\t\t\t<\/div>\n\t\t<\/div>\n\t\t\t\t\t<\/div>\n\t\t<\/section>\n\t\t\t\t<\/div>\n\t\t","protected":false},"excerpt":{"rendered":"<p>Commandez vos plats \u00e0 emporter ! Au Bistrot Colette, savourez nos plats faits maison&#8230; m\u00eame chez vous !Nous vous proposons un service de commande par t\u00e9l\u00e9phone avec retrait sur place&hellip;<\/p>\n","protected":false},"author":28,"featured_media":0,"parent":0,"menu_order":0,"comment_status":"closed","ping_status":"closed","template":"","meta":{"footnotes":""},"class_list":["post-22091","page","type-page","status-publish","hentry"],"_links":{"self":[{"href":"https:\/\/bistrotcolette.com\/bourgoinjallieu\/wp-json\/wp\/v2\/pages\/22091","targetHints":{"allow":["GET"]}}],"collection":[{"href":"https:\/\/bistrotcolette.com\/bourgoinjallieu\/wp-json\/wp\/v2\/pages"}],"about":[{"href":"https:\/\/bistrotcolette.com\/bourgoinjallieu\/wp-json\/wp\/v2\/types\/page"}],"author":[{"embeddable":true,"href":"https:\/\/bistrotcolette.com\/bourgoinjallieu\/wp-json\/wp\/v2\/users\/28"}],"replies":[{"embeddable":true,"href":"https:\/\/bistrotcolette.com\/bourgoinjallieu\/wp-json\/wp\/v2\/comments?post=22091"}],"version-history":[{"count":23,"href":"https:\/\/bistrotcolette.com\/bourgoinjallieu\/wp-json\/wp\/v2\/pages\/22091\/revisions"}],"predecessor-version":[{"id":22270,"href":"https:\/\/bistrotcolette.com\/bourgoinjallieu\/wp-json\/wp\/v2\/pages\/22091\/revisions\/22270"}],"wp:attachment":[{"href":"https:\/\/bistrotcolette.com\/bourgoinjallieu\/wp-json\/wp\/v2\/media?parent=22091"}],"curies":[{"name":"wp","href":"https:\/\/api.w.org\/{rel}","templated":true}]}}