{"id":22119,"date":"2025-06-24T16:30:34","date_gmt":"2025-06-24T14:30:34","guid":{"rendered":"https:\/\/bistrotcolette.com\/bourgoinjallieu\/?page_id=22119"},"modified":"2026-03-24T14:06:13","modified_gmt":"2026-03-24T13:06:13","slug":"elementor-22119","status":"publish","type":"page","link":"https:\/\/bistrotcolette.com\/bourgoinjallieu\/elementor-22119\/","title":{"rendered":"Menu"},"content":{"rendered":"\t\t<div data-elementor-type=\"wp-page\" data-elementor-id=\"22119\" class=\"elementor elementor-22119\">\n\t\t\t\t\t\t<section class=\"elementor-section elementor-top-section elementor-element elementor-element-65027db elementor-section-boxed elementor-section-height-default elementor-section-height-default sc_fly_static\" data-id=\"65027db\" data-element_type=\"section\">\n\t\t\t\t\t\t<div class=\"elementor-container elementor-column-gap-extended\">\n\t\t\t\t\t<div class=\"elementor-column elementor-col-100 elementor-top-column elementor-element elementor-element-6d84bed sc_inner_width_none sc_content_align_inherit sc_layouts_column_icons_position_left sc_fly_static\" data-id=\"6d84bed\" data-element_type=\"column\">\n\t\t\t<div class=\"elementor-widget-wrap elementor-element-populated\">\n\t\t\t\t\t\t<div class=\"elementor-element elementor-element-08f16ac sc_fly_static elementor-widget elementor-widget-heading\" data-id=\"08f16ac\" data-element_type=\"widget\" data-widget_type=\"heading.default\">\n\t\t\t\t<div class=\"elementor-widget-container\">\n\t\t\t<h2 class=\"elementor-heading-title elementor-size-default\">Viens petit d\u00e9jeuner chez Colette \u2615\ufe0f\ud83e\udd50<\/h2>\t\t<\/div>\n\t\t\t\t<\/div>\n\t\t\t\t\t<\/div>\n\t\t<\/div>\n\t\t\t\t\t<\/div>\n\t\t<\/section>\n\t\t\t\t<section class=\"elementor-section elementor-top-section elementor-element elementor-element-d2155ff elementor-section-boxed elementor-section-height-default elementor-section-height-default sc_fly_static\" data-id=\"d2155ff\" data-element_type=\"section\">\n\t\t\t\t\t\t<div class=\"elementor-container elementor-column-gap-extended\">\n\t\t\t\t\t<div class=\"elementor-column elementor-col-100 elementor-top-column elementor-element elementor-element-bbe7db8 sc_inner_width_none sc_content_align_inherit sc_layouts_column_icons_position_left sc_fly_static\" data-id=\"bbe7db8\" data-element_type=\"column\">\n\t\t\t<div class=\"elementor-widget-wrap elementor-element-populated\">\n\t\t\t\t\t\t<div class=\"elementor-element elementor-element-3c09ff6 sc_fly_static elementor-widget elementor-widget-text-editor\" data-id=\"3c09ff6\" data-element_type=\"widget\" data-widget_type=\"text-editor.default\">\n\t\t\t\t<div class=\"elementor-widget-container\">\n\t\t\t\t\t\t\t<p data-start=\"459\" data-end=\"684\">\u00a0<\/p><p data-start=\"459\" data-end=\"684\">\u00c0 la recherche d\u2019un endroit cosy pour savourer un <strong data-start=\"515\" data-end=\"552\">petit-d\u00e9jeuner \u00e0 Bourgoin-Jallieu<\/strong> ? Le <strong data-start=\"558\" data-end=\"577\">Bistrot Colette<\/strong>, situ\u00e9 en plein c\u0153ur de la ville, vous accueille <strong data-start=\"627\" data-end=\"652\">tous les jours d\u00e8s 7h<\/strong> pour <span style=\"font-family: 'Quattrocento Sans', sans-serif; font-size: 17px; font-style: normal; font-weight: 400; letter-spacing: 0px;\">commencer votre journ\u00e9e du bon pied avec <strong>le Petit Dej&#8217; de Colette !<\/strong><\/span><\/p><p data-start=\"686\" data-end=\"970\">Notre \u00e9quipe vous propose un <strong data-start=\"757\" data-end=\"782\">petit-d\u00e9jeuner maison<\/strong> pr\u00e9par\u00e9 avec amour. Que vous soyez plut\u00f4t sucr\u00e9 ou sal\u00e9, express ou brunch complet, il y a toujours une<strong> formule<\/strong> pour vous faire plaisir chez Colette.<\/p>\t\t\t\t\t\t<\/div>\n\t\t\t\t<\/div>\n\t\t\t\t<div class=\"elementor-element elementor-element-3456cd5 sc_fly_static elementor-widget elementor-widget-spacer\" data-id=\"3456cd5\" data-element_type=\"widget\" data-widget_type=\"spacer.default\">\n\t\t\t\t<div class=\"elementor-widget-container\">\n\t\t\t\t\t<div class=\"elementor-spacer\">\n\t\t\t<div class=\"elementor-spacer-inner\"><\/div>\n\t\t<\/div>\n\t\t\t\t<\/div>\n\t\t\t\t<\/div>\n\t\t\t\t<div class=\"elementor-element elementor-element-f5c15d5 elementor-align-center sc_fly_static elementor-widget elementor-widget-button\" data-id=\"f5c15d5\" data-element_type=\"widget\" data-widget_type=\"button.default\">\n\t\t\t\t<div class=\"elementor-widget-container\">\n\t\t\t\t\t<div class=\"elementor-button-wrapper\">\n\t\t\t<a class=\"elementor-button elementor-button-link elementor-size-sm\" href=\"http:\/\/bistrotcolette.com\/bourgoinjallieu\/wp-content\/uploads\/2026\/03\/sunday-scaled.png\" target=\"_blank\">\n\t\t\t\t\t\t<span class=\"elementor-button-content-wrapper\">\n\t\t\t\t\t\t\t\t\t<span class=\"elementor-button-text\">Voir la carte du petit-d\u00e9jeuner<\/span>\n\t\t\t\t\t<\/span>\n\t\t\t\t\t<\/a>\n\t\t<\/div>\n\t\t\t\t<\/div>\n\t\t\t\t<\/div>\n\t\t\t\t<div class=\"elementor-element elementor-element-7392c42 sc_fly_static elementor-widget elementor-widget-spacer\" data-id=\"7392c42\" data-element_type=\"widget\" data-widget_type=\"spacer.default\">\n\t\t\t\t<div class=\"elementor-widget-container\">\n\t\t\t\t\t<div class=\"elementor-spacer\">\n\t\t\t<div class=\"elementor-spacer-inner\"><\/div>\n\t\t<\/div>\n\t\t\t\t<\/div>\n\t\t\t\t<\/div>\n\t\t\t\t<div class=\"elementor-element elementor-element-cb3843a elementor-arrows-position-inside elementor-pagination-position-outside sc_fly_static elementor-widget elementor-widget-image-carousel\" data-id=\"cb3843a\" data-element_type=\"widget\" data-settings=\"{&quot;navigation&quot;:&quot;both&quot;,&quot;autoplay&quot;:&quot;yes&quot;,&quot;pause_on_hover&quot;:&quot;yes&quot;,&quot;pause_on_interaction&quot;:&quot;yes&quot;,&quot;autoplay_speed&quot;:5000,&quot;infinite&quot;:&quot;yes&quot;,&quot;speed&quot;:500}\" data-widget_type=\"image-carousel.default\">\n\t\t\t\t<div class=\"elementor-widget-container\">\n\t\t\t\t\t<div class=\"elementor-image-carousel-wrapper swiper\" dir=\"ltr\">\n\t\t\t<div class=\"elementor-image-carousel swiper-wrapper\" aria-live=\"off\">\n\t\t\t\t\t\t\t\t<div class=\"swiper-slide\" role=\"group\" aria-roledescription=\"slide\" aria-label=\"1 sur 4\"><figure class=\"swiper-slide-inner\"><img decoding=\"async\" class=\"swiper-slide-image\" src=\"https:\/\/bistrotcolette.com\/bourgoinjallieu\/wp-content\/uploads\/2025\/06\/Photo-23-01-2024-13-43-04-150x150.jpg\" alt=\"Photo 23-01-2024 13 43 04\" \/><\/figure><\/div><div class=\"swiper-slide\" role=\"group\" aria-roledescription=\"slide\" aria-label=\"2 sur 4\"><figure class=\"swiper-slide-inner\"><img decoding=\"async\" class=\"swiper-slide-image\" src=\"https:\/\/bistrotcolette.com\/bourgoinjallieu\/wp-content\/uploads\/2025\/06\/172-150x150.jpg\" alt=\"172\" \/><\/figure><\/div><div class=\"swiper-slide\" role=\"group\" aria-roledescription=\"slide\" aria-label=\"3 sur 4\"><figure class=\"swiper-slide-inner\"><img decoding=\"async\" class=\"swiper-slide-image\" src=\"https:\/\/bistrotcolette.com\/bourgoinjallieu\/wp-content\/uploads\/2025\/06\/174-150x150.jpg\" alt=\"174\" \/><\/figure><\/div><div class=\"swiper-slide\" role=\"group\" aria-roledescription=\"slide\" aria-label=\"4 sur 4\"><figure class=\"swiper-slide-inner\"><img decoding=\"async\" class=\"swiper-slide-image\" src=\"https:\/\/bistrotcolette.com\/bourgoinjallieu\/wp-content\/uploads\/2025\/06\/173-150x150.jpg\" alt=\"173\" \/><\/figure><\/div>\t\t\t<\/div>\n\t\t\t\t\t\t\t\t\t\t\t\t<div class=\"elementor-swiper-button elementor-swiper-button-prev\" role=\"button\" tabindex=\"0\">\n\t\t\t\t\t\t<i aria-hidden=\"true\" class=\"eicon-chevron-left\"><\/i>\t\t\t\t\t<\/div>\n\t\t\t\t\t<div class=\"elementor-swiper-button elementor-swiper-button-next\" role=\"button\" tabindex=\"0\">\n\t\t\t\t\t\t<i aria-hidden=\"true\" class=\"eicon-chevron-right\"><\/i>\t\t\t\t\t<\/div>\n\t\t\t\t\n\t\t\t\t\t\t\t\t\t<div class=\"swiper-pagination\"><\/div>\n\t\t\t\t\t\t\t\t\t<\/div>\n\t\t\t\t<\/div>\n\t\t\t\t<\/div>\n\t\t\t\t\t<\/div>\n\t\t<\/div>\n\t\t\t\t\t<\/div>\n\t\t<\/section>\n\t\t\t\t<section class=\"elementor-section elementor-top-section elementor-element elementor-element-5514098 elementor-section-boxed elementor-section-height-default elementor-section-height-default sc_fly_static\" data-id=\"5514098\" data-element_type=\"section\">\n\t\t\t\t\t\t<div class=\"elementor-container elementor-column-gap-extended\">\n\t\t\t\t\t<div class=\"elementor-column elementor-col-100 elementor-top-column elementor-element elementor-element-4563c56 sc_inner_width_none sc_content_align_inherit sc_layouts_column_icons_position_left sc_fly_static\" data-id=\"4563c56\" data-element_type=\"column\">\n\t\t\t<div class=\"elementor-widget-wrap elementor-element-populated\">\n\t\t\t\t\t\t<div class=\"elementor-element elementor-element-ee2bee7 sc_fly_static elementor-widget elementor-widget-spacer\" data-id=\"ee2bee7\" data-element_type=\"widget\" data-widget_type=\"spacer.default\">\n\t\t\t\t<div class=\"elementor-widget-container\">\n\t\t\t\t\t<div class=\"elementor-spacer\">\n\t\t\t<div class=\"elementor-spacer-inner\"><\/div>\n\t\t<\/div>\n\t\t\t\t<\/div>\n\t\t\t\t<\/div>\n\t\t\t\t<div class=\"elementor-element elementor-element-5d8f528 sc_fly_static elementor-widget elementor-widget-heading\" data-id=\"5d8f528\" data-element_type=\"widget\" data-widget_type=\"heading.default\">\n\t\t\t\t<div class=\"elementor-widget-container\">\n\t\t\t<h2 class=\"elementor-heading-title elementor-size-default\">Viens te r\u00e9galer chez Colette \ud83c\udf7d\ufe0f\ud83c\udf77<\/h2>\t\t<\/div>\n\t\t\t\t<\/div>\n\t\t\t\t<div class=\"elementor-element elementor-element-a8e22b7 sc_fly_static elementor-widget elementor-widget-text-editor\" data-id=\"a8e22b7\" data-element_type=\"widget\" data-widget_type=\"text-editor.default\">\n\t\t\t\t<div class=\"elementor-widget-container\">\n\t\t\t\t\t\t\t<p data-start=\"316\" data-end=\"664\">\u00a0<\/p><p data-start=\"316\" data-end=\"664\">Depuis <strong data-start=\"323\" data-end=\"331\">2014<\/strong>, <strong>Bistrot<\/strong> <strong data-start=\"333\" data-end=\"344\">Colette \u00e0 Bourgoin Jallieu<\/strong>\u00a0partage avec vous sa passion pour la <strong data-start=\"382\" data-end=\"403\">cuisine lyonnaise<\/strong> et les grands classiques de la gastronomie fran\u00e7aise. Une cuisine <strong data-start=\"532\" data-end=\"571\">gourmande, g\u00e9n\u00e9reuse et authentique<\/strong>, qui va \u00e0 l\u2019essentiel : des produits frais, une touche de savoir-faire, et beaucoup de c\u0153ur.<\/p><p data-start=\"666\" data-end=\"942\">\u00c0 la carte, vous trouverez des plats embl\u00e9matiques revisit\u00e9s avec finesse, des assiettes pleines de caract\u00e8re, et ce petit suppl\u00e9ment d\u2019\u00e2me qui fait toute la diff\u00e9rence. Chaque recette est pens\u00e9e pour mettre en valeur le produit, dans le respect des saisons et des traditions.<\/p><p data-start=\"944\" data-end=\"1131\">Que ce soit pour un d\u00e9jeuner entre amis, un d\u00eener \u00e0 deux ou un moment \u00e0 partager autour d\u2019un bon plat, <strong>Bistrot<\/strong> <strong data-start=\"1047\" data-end=\"1088\">Colette vous accueille tous les jours<\/strong>, dans une ambiance chaleureuse et vivante.<\/p>\t\t\t\t\t\t<\/div>\n\t\t\t\t<\/div>\n\t\t\t\t<div class=\"elementor-element elementor-element-3502800 sc_fly_static elementor-widget elementor-widget-spacer\" data-id=\"3502800\" data-element_type=\"widget\" data-widget_type=\"spacer.default\">\n\t\t\t\t<div class=\"elementor-widget-container\">\n\t\t\t\t\t<div class=\"elementor-spacer\">\n\t\t\t<div class=\"elementor-spacer-inner\"><\/div>\n\t\t<\/div>\n\t\t\t\t<\/div>\n\t\t\t\t<\/div>\n\t\t\t\t<div class=\"elementor-element elementor-element-151306c elementor-align-center sc_fly_static elementor-widget elementor-widget-button\" data-id=\"151306c\" data-element_type=\"widget\" data-widget_type=\"button.default\">\n\t\t\t\t<div class=\"elementor-widget-container\">\n\t\t\t\t\t<div class=\"elementor-button-wrapper\">\n\t\t\t<a class=\"elementor-button elementor-button-link elementor-size-sm\" href=\"http:\/\/bistrotcolette.com\/bourgoinjallieu\/wp-content\/uploads\/2026\/02\/NV-CARTE.pdf\" target=\"_blank\">\n\t\t\t\t\t\t<span class=\"elementor-button-content-wrapper\">\n\t\t\t\t\t\t\t\t\t<span class=\"elementor-button-text\">D\u00e9couvrir la carte<\/span>\n\t\t\t\t\t<\/span>\n\t\t\t\t\t<\/a>\n\t\t<\/div>\n\t\t\t\t<\/div>\n\t\t\t\t<\/div>\n\t\t\t\t<div class=\"elementor-element elementor-element-e9875e0 sc_fly_static elementor-widget elementor-widget-spacer\" data-id=\"e9875e0\" data-element_type=\"widget\" data-widget_type=\"spacer.default\">\n\t\t\t\t<div class=\"elementor-widget-container\">\n\t\t\t\t\t<div class=\"elementor-spacer\">\n\t\t\t<div class=\"elementor-spacer-inner\"><\/div>\n\t\t<\/div>\n\t\t\t\t<\/div>\n\t\t\t\t<\/div>\n\t\t\t\t<div class=\"elementor-element elementor-element-22b33fa elementor-arrows-position-inside elementor-pagination-position-outside sc_fly_static elementor-widget elementor-widget-image-carousel\" data-id=\"22b33fa\" data-element_type=\"widget\" data-settings=\"{&quot;navigation&quot;:&quot;both&quot;,&quot;autoplay&quot;:&quot;yes&quot;,&quot;pause_on_hover&quot;:&quot;yes&quot;,&quot;pause_on_interaction&quot;:&quot;yes&quot;,&quot;autoplay_speed&quot;:5000,&quot;infinite&quot;:&quot;yes&quot;,&quot;speed&quot;:500}\" data-widget_type=\"image-carousel.default\">\n\t\t\t\t<div class=\"elementor-widget-container\">\n\t\t\t\t\t<div class=\"elementor-image-carousel-wrapper swiper\" dir=\"ltr\">\n\t\t\t<div class=\"elementor-image-carousel swiper-wrapper\" aria-live=\"off\">\n\t\t\t\t\t\t\t\t<div class=\"swiper-slide\" role=\"group\" aria-roledescription=\"slide\" aria-label=\"1 sur 7\"><figure class=\"swiper-slide-inner\"><img decoding=\"async\" class=\"swiper-slide-image\" src=\"https:\/\/bistrotcolette.com\/bourgoinjallieu\/wp-content\/uploads\/2025\/06\/ambiance3-150x150.png\" alt=\"ambiance3\" \/><\/figure><\/div><div class=\"swiper-slide\" role=\"group\" aria-roledescription=\"slide\" aria-label=\"2 sur 7\"><figure class=\"swiper-slide-inner\"><img decoding=\"async\" class=\"swiper-slide-image\" src=\"https:\/\/bistrotcolette.com\/bourgoinjallieu\/wp-content\/uploads\/2025\/06\/P1026636-150x150.jpg\" alt=\"P1026636\" \/><\/figure><\/div><div class=\"swiper-slide\" role=\"group\" aria-roledescription=\"slide\" aria-label=\"3 sur 7\"><figure class=\"swiper-slide-inner\"><img decoding=\"async\" class=\"swiper-slide-image\" src=\"https:\/\/bistrotcolette.com\/bourgoinjallieu\/wp-content\/uploads\/2025\/06\/P1015160-150x150.jpg\" alt=\"P1015160\" \/><\/figure><\/div><div class=\"swiper-slide\" role=\"group\" aria-roledescription=\"slide\" aria-label=\"4 sur 7\"><figure class=\"swiper-slide-inner\"><img decoding=\"async\" class=\"swiper-slide-image\" src=\"https:\/\/bistrotcolette.com\/bourgoinjallieu\/wp-content\/uploads\/2025\/06\/91839593-D18C-422A-870F-0278BE7A6788-150x150.jpg\" alt=\"91839593-D18C-422A-870F-0278BE7A6788\" \/><\/figure><\/div><div class=\"swiper-slide\" role=\"group\" aria-roledescription=\"slide\" aria-label=\"5 sur 7\"><figure class=\"swiper-slide-inner\"><img decoding=\"async\" class=\"swiper-slide-image\" src=\"https:\/\/bistrotcolette.com\/bourgoinjallieu\/wp-content\/uploads\/2025\/06\/30-150x150.png\" alt=\"30\" \/><\/figure><\/div><div class=\"swiper-slide\" role=\"group\" aria-roledescription=\"slide\" aria-label=\"6 sur 7\"><figure class=\"swiper-slide-inner\"><img decoding=\"async\" class=\"swiper-slide-image\" src=\"https:\/\/bistrotcolette.com\/bourgoinjallieu\/wp-content\/uploads\/2025\/06\/34-150x150.png\" alt=\"34\" \/><\/figure><\/div><div class=\"swiper-slide\" role=\"group\" aria-roledescription=\"slide\" aria-label=\"7 sur 7\"><figure class=\"swiper-slide-inner\"><img decoding=\"async\" class=\"swiper-slide-image\" src=\"https:\/\/bistrotcolette.com\/bourgoinjallieu\/wp-content\/uploads\/2025\/06\/46-150x150.png\" alt=\"46\" \/><\/figure><\/div>\t\t\t<\/div>\n\t\t\t\t\t\t\t\t\t\t\t\t<div class=\"elementor-swiper-button elementor-swiper-button-prev\" role=\"button\" tabindex=\"0\">\n\t\t\t\t\t\t<i aria-hidden=\"true\" class=\"eicon-chevron-left\"><\/i>\t\t\t\t\t<\/div>\n\t\t\t\t\t<div class=\"elementor-swiper-button elementor-swiper-button-next\" role=\"button\" tabindex=\"0\">\n\t\t\t\t\t\t<i aria-hidden=\"true\" class=\"eicon-chevron-right\"><\/i>\t\t\t\t\t<\/div>\n\t\t\t\t\n\t\t\t\t\t\t\t\t\t<div class=\"swiper-pagination\"><\/div>\n\t\t\t\t\t\t\t\t\t<\/div>\n\t\t\t\t<\/div>\n\t\t\t\t<\/div>\n\t\t\t\t\t<\/div>\n\t\t<\/div>\n\t\t\t\t\t<\/div>\n\t\t<\/section>\n\t\t\t\t<\/div>\n\t\t","protected":false},"excerpt":{"rendered":"<p>Viens petit d\u00e9jeuner chez Colette \u2615\ufe0f\ud83e\udd50 \u00a0 \u00c0 la recherche d\u2019un endroit cosy pour savourer un petit-d\u00e9jeuner \u00e0 Bourgoin-Jallieu ? Le Bistrot Colette, situ\u00e9 en plein c\u0153ur de la ville,&hellip;<\/p>\n","protected":false},"author":28,"featured_media":0,"parent":0,"menu_order":0,"comment_status":"closed","ping_status":"closed","template":"","meta":{"footnotes":""},"class_list":["post-22119","page","type-page","status-publish","hentry"],"_links":{"self":[{"href":"https:\/\/bistrotcolette.com\/bourgoinjallieu\/wp-json\/wp\/v2\/pages\/22119","targetHints":{"allow":["GET"]}}],"collection":[{"href":"https:\/\/bistrotcolette.com\/bourgoinjallieu\/wp-json\/wp\/v2\/pages"}],"about":[{"href":"https:\/\/bistrotcolette.com\/bourgoinjallieu\/wp-json\/wp\/v2\/types\/page"}],"author":[{"embeddable":true,"href":"https:\/\/bistrotcolette.com\/bourgoinjallieu\/wp-json\/wp\/v2\/users\/28"}],"replies":[{"embeddable":true,"href":"https:\/\/bistrotcolette.com\/bourgoinjallieu\/wp-json\/wp\/v2\/comments?post=22119"}],"version-history":[{"count":110,"href":"https:\/\/bistrotcolette.com\/bourgoinjallieu\/wp-json\/wp\/v2\/pages\/22119\/revisions"}],"predecessor-version":[{"id":22344,"href":"https:\/\/bistrotcolette.com\/bourgoinjallieu\/wp-json\/wp\/v2\/pages\/22119\/revisions\/22344"}],"wp:attachment":[{"href":"https:\/\/bistrotcolette.com\/bourgoinjallieu\/wp-json\/wp\/v2\/media?parent=22119"}],"curies":[{"name":"wp","href":"https:\/\/api.w.org\/{rel}","templated":true}]}}