{"id":20447,"date":"2023-10-18T18:48:30","date_gmt":"2023-10-18T16:48:30","guid":{"rendered":"https:\/\/bistrotcolette.com\/bourgoinjallieu\/?post_type=product&#038;p=20447"},"modified":"2024-02-20T10:56:10","modified_gmt":"2024-02-20T09:56:10","slug":"salade-lyonnaise","status":"publish","type":"product","link":"https:\/\/bistrotcolette.com\/bourgoinjallieu\/product\/salade-lyonnaise\/","title":{"rendered":"Salade Lyonnaise"},"content":{"rendered":"<p>Salade Lyonnaise &#8211; Salade, oeuf poch\u00e9, lardons, cro\u00fbtons, tomates cerises, cr\u00e8me balsamique &amp; sauce vinaigrette<\/p>\n","protected":false},"excerpt":{"rendered":"<p>Salade Lyonnaise &#8211; Salade, oeuf poch\u00e9, lardons, cro\u00fbtons, tomates cerises, cr\u00e8me balsamique &amp; sauce vinaigrette<\/p>\n","protected":false},"featured_media":20810,"template":"","meta":[],"product_cat":[184],"product_tag":[],"class_list":{"0":"post-20447","1":"product","2":"type-product","3":"status-publish","4":"has-post-thumbnail","6":"product_cat-salades","8":"first","9":"instock","10":"taxable","11":"shipping-taxable","12":"purchasable","13":"product-type-variable"},"_links":{"self":[{"href":"https:\/\/bistrotcolette.com\/bourgoinjallieu\/wp-json\/wp\/v2\/product\/20447","targetHints":{"allow":["GET"]}}],"collection":[{"href":"https:\/\/bistrotcolette.com\/bourgoinjallieu\/wp-json\/wp\/v2\/product"}],"about":[{"href":"https:\/\/bistrotcolette.com\/bourgoinjallieu\/wp-json\/wp\/v2\/types\/product"}],"wp:featuredmedia":[{"embeddable":true,"href":"https:\/\/bistrotcolette.com\/bourgoinjallieu\/wp-json\/wp\/v2\/media\/20810"}],"wp:attachment":[{"href":"https:\/\/bistrotcolette.com\/bourgoinjallieu\/wp-json\/wp\/v2\/media?parent=20447"}],"wp:term":[{"taxonomy":"product_cat","embeddable":true,"href":"https:\/\/bistrotcolette.com\/bourgoinjallieu\/wp-json\/wp\/v2\/product_cat?post=20447"},{"taxonomy":"product_tag","embeddable":true,"href":"https:\/\/bistrotcolette.com\/bourgoinjallieu\/wp-json\/wp\/v2\/product_tag?post=20447"}],"curies":[{"name":"wp","href":"https:\/\/api.w.org\/{rel}","templated":true}]}}