{"id":20473,"date":"2023-10-18T21:28:10","date_gmt":"2023-10-18T19:28:10","guid":{"rendered":"https:\/\/bistrotcolette.com\/bourgoinjallieu\/?post_type=product&#038;p=20473"},"modified":"2023-11-03T11:42:36","modified_gmt":"2023-11-03T10:42:36","slug":"saucisson-chaud-brioche","status":"publish","type":"product","link":"https:\/\/bistrotcolette.com\/bourgoinjallieu\/product\/saucisson-chaud-brioche\/","title":{"rendered":"Saucisson chaud brioch\u00e9"},"content":{"rendered":"<p>Saucisson chaud brioch\u00e9 &#8211; Sauce moutarde \u00e0 l&#8217;ancienne &amp; salade verte<\/p>\n","protected":false},"excerpt":{"rendered":"<p>Saucisson chaud brioch\u00e9 &#8211; Sauce moutarde \u00e0 l&#8217;ancienne &amp; salade verte<\/p>\n","protected":false},"featured_media":20520,"template":"","meta":[],"product_cat":[187],"product_tag":[],"class_list":{"0":"post-20473","1":"product","2":"type-product","3":"status-publish","4":"has-post-thumbnail","6":"product_cat-plats","8":"first","9":"instock","10":"taxable","11":"shipping-taxable","12":"purchasable","13":"product-type-simple"},"_links":{"self":[{"href":"https:\/\/bistrotcolette.com\/bourgoinjallieu\/wp-json\/wp\/v2\/product\/20473","targetHints":{"allow":["GET"]}}],"collection":[{"href":"https:\/\/bistrotcolette.com\/bourgoinjallieu\/wp-json\/wp\/v2\/product"}],"about":[{"href":"https:\/\/bistrotcolette.com\/bourgoinjallieu\/wp-json\/wp\/v2\/types\/product"}],"wp:featuredmedia":[{"embeddable":true,"href":"https:\/\/bistrotcolette.com\/bourgoinjallieu\/wp-json\/wp\/v2\/media\/20520"}],"wp:attachment":[{"href":"https:\/\/bistrotcolette.com\/bourgoinjallieu\/wp-json\/wp\/v2\/media?parent=20473"}],"wp:term":[{"taxonomy":"product_cat","embeddable":true,"href":"https:\/\/bistrotcolette.com\/bourgoinjallieu\/wp-json\/wp\/v2\/product_cat?post=20473"},{"taxonomy":"product_tag","embeddable":true,"href":"https:\/\/bistrotcolette.com\/bourgoinjallieu\/wp-json\/wp\/v2\/product_tag?post=20473"}],"curies":[{"name":"wp","href":"https:\/\/api.w.org\/{rel}","templated":true}]}}