{"id":20939,"date":"2023-10-31T10:32:23","date_gmt":"2023-10-31T09:32:23","guid":{"rendered":"https:\/\/bistrotcolette.com\/bourgoinjallieu\/?post_type=product&#038;p=20939"},"modified":"2025-02-19T12:13:44","modified_gmt":"2025-02-19T11:13:44","slug":"menu-des-gones","status":"publish","type":"product","link":"https:\/\/bistrotcolette.com\/bourgoinjallieu\/product\/menu-des-gones\/","title":{"rendered":"Menu des Gones"},"content":{"rendered":"<p>Menu des Gones :<\/p>\n<p>Steak hach\u00e9 100g ou Filet de sole (garniture au choix)<br \/>\n+ 1 cr\u00e8pe (Nutella, cr\u00e8me de marron, chocolat ou caramel beurre sal\u00e9)<\/p>\n","protected":false},"excerpt":{"rendered":"<p>Menu des Gones :<\/p>\n<p>Steak hach\u00e9 ou Pav\u00e9 de Saumon \u00e0 la plancha (garniture au choix)<br \/>\n+ 1 cr\u00e8pe (Nutella, cr\u00e8me de marron, chocolat ou caramel beurre sal\u00e9)<\/p>\n","protected":false},"featured_media":0,"template":"","meta":[],"product_cat":[187],"product_tag":[],"class_list":{"0":"post-20939","1":"product","2":"type-product","3":"status-publish","5":"product_cat-plats","7":"first","8":"instock","9":"taxable","10":"shipping-taxable","11":"purchasable","12":"product-type-variable"},"_links":{"self":[{"href":"https:\/\/bistrotcolette.com\/bourgoinjallieu\/wp-json\/wp\/v2\/product\/20939","targetHints":{"allow":["GET"]}}],"collection":[{"href":"https:\/\/bistrotcolette.com\/bourgoinjallieu\/wp-json\/wp\/v2\/product"}],"about":[{"href":"https:\/\/bistrotcolette.com\/bourgoinjallieu\/wp-json\/wp\/v2\/types\/product"}],"wp:attachment":[{"href":"https:\/\/bistrotcolette.com\/bourgoinjallieu\/wp-json\/wp\/v2\/media?parent=20939"}],"wp:term":[{"taxonomy":"product_cat","embeddable":true,"href":"https:\/\/bistrotcolette.com\/bourgoinjallieu\/wp-json\/wp\/v2\/product_cat?post=20939"},{"taxonomy":"product_tag","embeddable":true,"href":"https:\/\/bistrotcolette.com\/bourgoinjallieu\/wp-json\/wp\/v2\/product_tag?post=20939"}],"curies":[{"name":"wp","href":"https:\/\/api.w.org\/{rel}","templated":true}]}}