{"id":21153,"date":"2024-01-30T11:25:09","date_gmt":"2024-01-30T10:25:09","guid":{"rendered":"http:\/\/bistrotcolette.com\/bourgoinjallieu\/?post_type=product&#038;p=21153"},"modified":"2024-05-02T15:11:29","modified_gmt":"2024-05-02T13:11:29","slug":"cotes-du-rhone-aop-75cl","status":"publish","type":"product","link":"https:\/\/bistrotcolette.com\/bourgoinjallieu\/product\/cotes-du-rhone-aop-75cl\/","title":{"rendered":"C\u00f4tes du Rh\u00f4ne AOP 75cl"},"content":{"rendered":"<p>C\u00f4tes du Rh\u00f4ne AOP 75cl &#8211; BELLERUCHE &#8211; M. CHAPOUTIER<\/p>\n<p>\u00c0 L&#8217;oeil: rouge grenat profond. Au nez: intense, fruit\u00e9 (notes de cassis\/ framboise) et agr\u00e9ment\u00e9 par des notes de poivre blanc. En bouche: .juteux, puissant, fruit\u00e9 (notes de fruits rouges) et accompagn\u00e9 par de jolies notes de torr\u00e9faction. Les tanins pr\u00e9sents sont soyeux et d\u00e9licats.<\/p>\n","protected":false},"excerpt":{"rendered":"<p>C\u00f4tes du Rh\u00f4ne AOP 75cl &#8211; BELLERUCHE &#8211; M. CHAPOUTIER<\/p>\n<p>\u00c0 L&#8217;oeil: rouge grenat profond. Au nez: intense, fruit\u00e9 (notes de cassis\/ framboise) et agr\u00e9ment\u00e9 par des notes de poivre blanc. En bouche: .juteux, puissant, fruit\u00e9 (notes de fruits rouges) et accompagn\u00e9 par de jolies notes de torr\u00e9faction. Les tanins pr\u00e9sents sont soyeux et d\u00e9licats.<\/p>\n","protected":false},"featured_media":21512,"template":"","meta":[],"product_cat":[201],"product_tag":[],"class_list":{"0":"post-21153","1":"product","2":"type-product","3":"status-publish","4":"has-post-thumbnail","6":"product_cat-vins","8":"first","9":"instock","10":"taxable","11":"shipping-taxable","12":"purchasable","13":"product-type-simple"},"_links":{"self":[{"href":"https:\/\/bistrotcolette.com\/bourgoinjallieu\/wp-json\/wp\/v2\/product\/21153","targetHints":{"allow":["GET"]}}],"collection":[{"href":"https:\/\/bistrotcolette.com\/bourgoinjallieu\/wp-json\/wp\/v2\/product"}],"about":[{"href":"https:\/\/bistrotcolette.com\/bourgoinjallieu\/wp-json\/wp\/v2\/types\/product"}],"wp:featuredmedia":[{"embeddable":true,"href":"https:\/\/bistrotcolette.com\/bourgoinjallieu\/wp-json\/wp\/v2\/media\/21512"}],"wp:attachment":[{"href":"https:\/\/bistrotcolette.com\/bourgoinjallieu\/wp-json\/wp\/v2\/media?parent=21153"}],"wp:term":[{"taxonomy":"product_cat","embeddable":true,"href":"https:\/\/bistrotcolette.com\/bourgoinjallieu\/wp-json\/wp\/v2\/product_cat?post=21153"},{"taxonomy":"product_tag","embeddable":true,"href":"https:\/\/bistrotcolette.com\/bourgoinjallieu\/wp-json\/wp\/v2\/product_tag?post=21153"}],"curies":[{"name":"wp","href":"https:\/\/api.w.org\/{rel}","templated":true}]}}