{"id":21167,"date":"2024-01-30T11:55:45","date_gmt":"2024-01-30T10:55:45","guid":{"rendered":"http:\/\/bistrotcolette.com\/bourgoinjallieu\/?post_type=product&#038;p=21167"},"modified":"2025-03-04T20:35:26","modified_gmt":"2025-03-04T19:35:26","slug":"rose-de-gascogne-75cl","status":"publish","type":"product","link":"https:\/\/bistrotcolette.com\/bourgoinjallieu\/product\/rose-de-gascogne-75cl\/","title":{"rendered":"C\u00f4te de Gascogne 75cl"},"content":{"rendered":"<p>C\u00f4te de Gascogne 75cl &#8211; EROS &#8211; DOMAINE JOY<\/p>\n<p>Un ros\u00e9 souple et tr\u00e8s l\u00e9g\u00e8rement sucr\u00e9<\/p>\n","protected":false},"excerpt":{"rendered":"<p>C\u00f4te de Gascogne 75cl &#8211; EROS &#8211; DOMAINE JOY<\/p>\n<div class=\"page\" title=\"Page 1\">\n<div class=\"layoutArea\">\n<div class=\"column\">\n<p>Un ros\u00e9 souple et tr\u00e8s l\u00e9g\u00e8rement sucr\u00e9<\/p>\n<\/div>\n<\/div>\n<\/div>\n","protected":false},"featured_media":0,"template":"","meta":[],"product_cat":[201],"product_tag":[],"class_list":{"0":"post-21167","1":"product","2":"type-product","3":"status-publish","5":"product_cat-vins","7":"first","8":"instock","9":"taxable","10":"shipping-taxable","11":"purchasable","12":"product-type-simple"},"_links":{"self":[{"href":"https:\/\/bistrotcolette.com\/bourgoinjallieu\/wp-json\/wp\/v2\/product\/21167","targetHints":{"allow":["GET"]}}],"collection":[{"href":"https:\/\/bistrotcolette.com\/bourgoinjallieu\/wp-json\/wp\/v2\/product"}],"about":[{"href":"https:\/\/bistrotcolette.com\/bourgoinjallieu\/wp-json\/wp\/v2\/types\/product"}],"wp:attachment":[{"href":"https:\/\/bistrotcolette.com\/bourgoinjallieu\/wp-json\/wp\/v2\/media?parent=21167"}],"wp:term":[{"taxonomy":"product_cat","embeddable":true,"href":"https:\/\/bistrotcolette.com\/bourgoinjallieu\/wp-json\/wp\/v2\/product_cat?post=21167"},{"taxonomy":"product_tag","embeddable":true,"href":"https:\/\/bistrotcolette.com\/bourgoinjallieu\/wp-json\/wp\/v2\/product_tag?post=21167"}],"curies":[{"name":"wp","href":"https:\/\/api.w.org\/{rel}","templated":true}]}}