{"id":21170,"date":"2024-01-30T12:00:15","date_gmt":"2024-01-30T11:00:15","guid":{"rendered":"http:\/\/bistrotcolette.com\/bourgoinjallieu\/?post_type=product&#038;p=21170"},"modified":"2024-05-02T15:14:02","modified_gmt":"2024-05-02T13:14:02","slug":"crozes-hermitage-aop-75cl","status":"publish","type":"product","link":"https:\/\/bistrotcolette.com\/bourgoinjallieu\/product\/crozes-hermitage-aop-75cl\/","title":{"rendered":"Crozes Hermitage AOP 75cl"},"content":{"rendered":"<p>Crozes Hermitage AOP 75cl &#8211; PETITE RUCHE &#8211; M. CHAPOUTIER<\/p>\n<p>\u00c0 l&#8217;oeil, rouge violac\u00e9 tr\u00e8s intense. Au nez, petits fruits rouges, cassis et framboise. En bouche, frais et rond, finale de fruits, tout en finesse.<\/p>\n","protected":false},"excerpt":{"rendered":"<p>Crozes Hermitage AOP 75cl &#8211; PETITE RUCHE &#8211; M. CHAPOUTIER<\/p>\n<p>\u00c0 l&#8217;oeil, rouge violac\u00e9 tr\u00e8s intense. Au nez, petits fruits rouges, cassis et framboise. En bouche, frais et rond, finale de fruits, tout en finesse.<\/p>\n","protected":false},"featured_media":21513,"template":"","meta":[],"product_cat":[201],"product_tag":[],"class_list":{"0":"post-21170","1":"product","2":"type-product","3":"status-publish","4":"has-post-thumbnail","6":"product_cat-vins","8":"first","9":"instock","10":"taxable","11":"shipping-taxable","12":"purchasable","13":"product-type-simple"},"_links":{"self":[{"href":"https:\/\/bistrotcolette.com\/bourgoinjallieu\/wp-json\/wp\/v2\/product\/21170","targetHints":{"allow":["GET"]}}],"collection":[{"href":"https:\/\/bistrotcolette.com\/bourgoinjallieu\/wp-json\/wp\/v2\/product"}],"about":[{"href":"https:\/\/bistrotcolette.com\/bourgoinjallieu\/wp-json\/wp\/v2\/types\/product"}],"wp:featuredmedia":[{"embeddable":true,"href":"https:\/\/bistrotcolette.com\/bourgoinjallieu\/wp-json\/wp\/v2\/media\/21513"}],"wp:attachment":[{"href":"https:\/\/bistrotcolette.com\/bourgoinjallieu\/wp-json\/wp\/v2\/media?parent=21170"}],"wp:term":[{"taxonomy":"product_cat","embeddable":true,"href":"https:\/\/bistrotcolette.com\/bourgoinjallieu\/wp-json\/wp\/v2\/product_cat?post=21170"},{"taxonomy":"product_tag","embeddable":true,"href":"https:\/\/bistrotcolette.com\/bourgoinjallieu\/wp-json\/wp\/v2\/product_tag?post=21170"}],"curies":[{"name":"wp","href":"https:\/\/api.w.org\/{rel}","templated":true}]}}