{"id":21106,"date":"2025-06-27T09:31:49","date_gmt":"2025-06-27T07:31:49","guid":{"rendered":"https:\/\/bistrotcolette.com\/thevillage\/?page_id=21106"},"modified":"2026-04-15T13:38:42","modified_gmt":"2026-04-15T11:38:42","slug":"carte","status":"publish","type":"page","link":"https:\/\/bistrotcolette.com\/thevillage\/carte\/","title":{"rendered":"Carte"},"content":{"rendered":"\t\t<div data-elementor-type=\"wp-page\" data-elementor-id=\"21106\" class=\"elementor elementor-21106\">\n\t\t\t\t\t\t<section class=\"elementor-section elementor-top-section elementor-element elementor-element-660b43b elementor-section-boxed elementor-section-height-default elementor-section-height-default sc_fly_static\" data-id=\"660b43b\" data-element_type=\"section\">\n\t\t\t\t\t\t<div class=\"elementor-container elementor-column-gap-extended\">\n\t\t\t\t\t<div class=\"elementor-column elementor-col-100 elementor-top-column elementor-element elementor-element-a41b7a9 sc_inner_width_none sc_content_align_inherit sc_layouts_column_icons_position_left sc_fly_static\" data-id=\"a41b7a9\" data-element_type=\"column\">\n\t\t\t<div class=\"elementor-widget-wrap elementor-element-populated\">\n\t\t\t\t\t\t<div class=\"elementor-element elementor-element-50e8068 sc_fly_static elementor-widget elementor-widget-heading\" data-id=\"50e8068\" data-element_type=\"widget\" data-widget_type=\"heading.default\">\n\t\t\t\t<div class=\"elementor-widget-container\">\n\t\t\t<h2 class=\"elementor-heading-title elementor-size-default\">Viens te r\u00e9galer chez Colette \ud83c\udf7d\ufe0f\ud83c\udf77<\/h2>\t\t<\/div>\n\t\t\t\t<\/div>\n\t\t\t\t<div class=\"elementor-element elementor-element-98bbdbd sc_fly_static elementor-widget elementor-widget-spacer\" data-id=\"98bbdbd\" data-element_type=\"widget\" data-widget_type=\"spacer.default\">\n\t\t\t\t<div class=\"elementor-widget-container\">\n\t\t\t\t\t<div class=\"elementor-spacer\">\n\t\t\t<div class=\"elementor-spacer-inner\"><\/div>\n\t\t<\/div>\n\t\t\t\t<\/div>\n\t\t\t\t<\/div>\n\t\t\t\t\t<\/div>\n\t\t<\/div>\n\t\t\t\t\t<\/div>\n\t\t<\/section>\n\t\t\t\t<section class=\"elementor-section elementor-top-section elementor-element elementor-element-b5f1a6e elementor-section-boxed elementor-section-height-default elementor-section-height-default sc_fly_static\" data-id=\"b5f1a6e\" data-element_type=\"section\">\n\t\t\t\t\t\t<div class=\"elementor-container elementor-column-gap-extended\">\n\t\t\t\t\t<div class=\"elementor-column elementor-col-100 elementor-top-column elementor-element elementor-element-506587c sc_inner_width_none sc_content_align_inherit sc_layouts_column_icons_position_left sc_fly_static\" data-id=\"506587c\" data-element_type=\"column\">\n\t\t\t<div class=\"elementor-widget-wrap elementor-element-populated\">\n\t\t\t\t\t\t<div class=\"elementor-element elementor-element-d7487d3 sc_fly_static elementor-widget elementor-widget-text-editor\" data-id=\"d7487d3\" data-element_type=\"widget\" data-widget_type=\"text-editor.default\">\n\t\t\t\t<div class=\"elementor-widget-container\">\n\t\t\t\t\t\t\t<p data-start=\"162\" data-end=\"485\">Depuis son installation au <strong data-start=\"189\" data-end=\"228\">Village des Marques \u00e0 Villefontaine<\/strong>, Bistrot Colette vous invite \u00e0 une pause gourmande au c\u0153ur de la zone commer\u00e7ante. Entre deux boutiques, venez savourer une cuisine lyonnaise authentique et les grands classiques de la gastronomie fran\u00e7aise, dans un cadre convivial et vivant.<\/p><p data-start=\"487\" data-end=\"745\">Ici, la cuisine est <strong data-start=\"507\" data-end=\"539\">g\u00e9n\u00e9reuse, simple et sinc\u00e8re<\/strong> : des produits frais, un vrai savoir-faire. \u00c0 la carte, des plats embl\u00e9matiques revisit\u00e9s avec finesse, dans le respect des saisons et de la tradition.<\/p><p data-start=\"747\" data-end=\"940\">Que vous soyez de passage pour une vir\u00e9e shopping, un d\u00e9jeuner entre coll\u00e8gues ou un d\u00eener en terrasse, <strong data-start=\"851\" data-end=\"884\">Bistrot Colette Villefontaine<\/strong> vous accueille chaque jour avec chaleur et gourmandise.<\/p>\t\t\t\t\t\t<\/div>\n\t\t\t\t<\/div>\n\t\t\t\t<div class=\"elementor-element elementor-element-ba42979 sc_fly_static elementor-widget elementor-widget-spacer\" data-id=\"ba42979\" data-element_type=\"widget\" data-widget_type=\"spacer.default\">\n\t\t\t\t<div class=\"elementor-widget-container\">\n\t\t\t\t\t<div class=\"elementor-spacer\">\n\t\t\t<div class=\"elementor-spacer-inner\"><\/div>\n\t\t<\/div>\n\t\t\t\t<\/div>\n\t\t\t\t<\/div>\n\t\t\t\t<div class=\"elementor-element elementor-element-3dbe6ec elementor-align-center sc_fly_static elementor-widget elementor-widget-button\" data-id=\"3dbe6ec\" data-element_type=\"widget\" data-widget_type=\"button.default\">\n\t\t\t\t<div class=\"elementor-widget-container\">\n\t\t\t\t\t<div class=\"elementor-button-wrapper\">\n\t\t\t<a class=\"elementor-button elementor-button-link elementor-size-sm\" href=\"https:\/\/drive.google.com\/file\/d\/14XPBfzqVXfN5V0loCl6nmvvE3VEENm0L\/view?usp=sharing\" target=\"_blank\" rel=\"noopener\">\n\t\t\t\t\t\t<span class=\"elementor-button-content-wrapper\">\n\t\t\t\t\t\t\t\t\t<span class=\"elementor-button-text\">D\u00e9couvrir la carte <\/span>\n\t\t\t\t\t<\/span>\n\t\t\t\t\t<\/a>\n\t\t<\/div>\n\t\t\t\t<\/div>\n\t\t\t\t<\/div>\n\t\t\t\t\t<\/div>\n\t\t<\/div>\n\t\t\t\t\t<\/div>\n\t\t<\/section>\n\t\t\t\t<\/div>\n\t\t","protected":false},"excerpt":{"rendered":"<p>Viens te r\u00e9galer chez Colette \ud83c\udf7d\ufe0f\ud83c\udf77 Depuis son installation au Village des Marques \u00e0 Villefontaine, Bistrot Colette vous invite \u00e0 une pause gourmande au c\u0153ur de la zone commer\u00e7ante. Entre&hellip;<\/p>\n","protected":false},"author":2,"featured_media":0,"parent":0,"menu_order":0,"comment_status":"closed","ping_status":"closed","template":"","meta":{"footnotes":""},"class_list":["post-21106","page","type-page","status-publish","hentry"],"_links":{"self":[{"href":"https:\/\/bistrotcolette.com\/thevillage\/wp-json\/wp\/v2\/pages\/21106","targetHints":{"allow":["GET"]}}],"collection":[{"href":"https:\/\/bistrotcolette.com\/thevillage\/wp-json\/wp\/v2\/pages"}],"about":[{"href":"https:\/\/bistrotcolette.com\/thevillage\/wp-json\/wp\/v2\/types\/page"}],"author":[{"embeddable":true,"href":"https:\/\/bistrotcolette.com\/thevillage\/wp-json\/wp\/v2\/users\/2"}],"replies":[{"embeddable":true,"href":"https:\/\/bistrotcolette.com\/thevillage\/wp-json\/wp\/v2\/comments?post=21106"}],"version-history":[{"count":46,"href":"https:\/\/bistrotcolette.com\/thevillage\/wp-json\/wp\/v2\/pages\/21106\/revisions"}],"predecessor-version":[{"id":21192,"href":"https:\/\/bistrotcolette.com\/thevillage\/wp-json\/wp\/v2\/pages\/21106\/revisions\/21192"}],"wp:attachment":[{"href":"https:\/\/bistrotcolette.com\/thevillage\/wp-json\/wp\/v2\/media?parent=21106"}],"curies":[{"name":"wp","href":"https:\/\/api.w.org\/{rel}","templated":true}]}}