{"id":20562,"date":"2023-11-01T09:10:47","date_gmt":"2023-11-01T08:10:47","guid":{"rendered":"https:\/\/bistrotcolette.com\/thevillage\/?post_type=product&#038;p=20562"},"modified":"2023-11-03T10:44:17","modified_gmt":"2023-11-03T09:44:17","slug":"salade-lyonnaise","status":"publish","type":"product","link":"https:\/\/bistrotcolette.com\/thevillage\/produit\/salade-lyonnaise\/","title":{"rendered":"Salade Lyonnaise"},"content":{"rendered":"<p>SALADE, OEUF POCH\u00c9, LARDONS, CRO\u00dbTONS, TOMATES CERISES, CR\u00c8ME BALSAMIQUE &amp; SAUCE VINAIGRETTE<\/p>\n","protected":false},"excerpt":{"rendered":"<p>SALADE, OEUF POCH\u00c9, LARDONS, CRO\u00dbTONS, TOMATES CERISES, CR\u00c8ME BALSAMIQUE &amp; SAUCE VINAIGRETTE<\/p>\n","protected":false},"featured_media":20710,"template":"","meta":[],"product_cat":[185],"product_tag":[],"class_list":{"0":"post-20562","1":"product","2":"type-product","3":"status-publish","4":"has-post-thumbnail","6":"product_cat-salades","8":"first","9":"instock","10":"taxable","11":"shipping-taxable","12":"purchasable","13":"product-type-simple"},"_links":{"self":[{"href":"https:\/\/bistrotcolette.com\/thevillage\/wp-json\/wp\/v2\/product\/20562","targetHints":{"allow":["GET"]}}],"collection":[{"href":"https:\/\/bistrotcolette.com\/thevillage\/wp-json\/wp\/v2\/product"}],"about":[{"href":"https:\/\/bistrotcolette.com\/thevillage\/wp-json\/wp\/v2\/types\/product"}],"wp:featuredmedia":[{"embeddable":true,"href":"https:\/\/bistrotcolette.com\/thevillage\/wp-json\/wp\/v2\/media\/20710"}],"wp:attachment":[{"href":"https:\/\/bistrotcolette.com\/thevillage\/wp-json\/wp\/v2\/media?parent=20562"}],"wp:term":[{"taxonomy":"product_cat","embeddable":true,"href":"https:\/\/bistrotcolette.com\/thevillage\/wp-json\/wp\/v2\/product_cat?post=20562"},{"taxonomy":"product_tag","embeddable":true,"href":"https:\/\/bistrotcolette.com\/thevillage\/wp-json\/wp\/v2\/product_tag?post=20562"}],"curies":[{"name":"wp","href":"https:\/\/api.w.org\/{rel}","templated":true}]}}