{"id":20570,"date":"2023-11-01T09:36:46","date_gmt":"2023-11-01T08:36:46","guid":{"rendered":"https:\/\/bistrotcolette.com\/thevillage\/?post_type=product&#038;p=20570"},"modified":"2023-11-03T09:32:17","modified_gmt":"2023-11-03T08:32:17","slug":"salade-chef","status":"publish","type":"product","link":"https:\/\/bistrotcolette.com\/thevillage\/produit\/salade-chef\/","title":{"rendered":"Salade Chef"},"content":{"rendered":"<p>SALADE, RAVIOLES FRITS, POULET GRILL\u00c9, TOMATES, CH\u00c8VRE CHAUD PAN\u00c9, CR\u00c8ME BALSAMIQUE &amp; SAUCE C\u00c9SAR<\/p>\n","protected":false},"excerpt":{"rendered":"<p>SALADE, RAVIOLES FRITS, POULET GRILL\u00c9, TOMATES, CH\u00c8VRE CHAUD PAN\u00c9, CR\u00c8ME BALSAMIQUE &amp; SAUCE C\u00c9SAR<\/p>\n","protected":false},"featured_media":20699,"template":"","meta":[],"product_cat":[185],"product_tag":[],"class_list":{"0":"post-20570","1":"product","2":"type-product","3":"status-publish","4":"has-post-thumbnail","6":"product_cat-salades","8":"first","9":"instock","10":"taxable","11":"shipping-taxable","12":"purchasable","13":"product-type-simple"},"_links":{"self":[{"href":"https:\/\/bistrotcolette.com\/thevillage\/wp-json\/wp\/v2\/product\/20570","targetHints":{"allow":["GET"]}}],"collection":[{"href":"https:\/\/bistrotcolette.com\/thevillage\/wp-json\/wp\/v2\/product"}],"about":[{"href":"https:\/\/bistrotcolette.com\/thevillage\/wp-json\/wp\/v2\/types\/product"}],"wp:featuredmedia":[{"embeddable":true,"href":"https:\/\/bistrotcolette.com\/thevillage\/wp-json\/wp\/v2\/media\/20699"}],"wp:attachment":[{"href":"https:\/\/bistrotcolette.com\/thevillage\/wp-json\/wp\/v2\/media?parent=20570"}],"wp:term":[{"taxonomy":"product_cat","embeddable":true,"href":"https:\/\/bistrotcolette.com\/thevillage\/wp-json\/wp\/v2\/product_cat?post=20570"},{"taxonomy":"product_tag","embeddable":true,"href":"https:\/\/bistrotcolette.com\/thevillage\/wp-json\/wp\/v2\/product_tag?post=20570"}],"curies":[{"name":"wp","href":"https:\/\/api.w.org\/{rel}","templated":true}]}}