{"id":20571,"date":"2023-11-01T09:43:02","date_gmt":"2023-11-01T08:43:02","guid":{"rendered":"https:\/\/bistrotcolette.com\/thevillage\/?post_type=product&#038;p=20571"},"modified":"2023-11-27T16:44:06","modified_gmt":"2023-11-27T15:44:06","slug":"saucisson-chaud-brioche","status":"publish","type":"product","link":"https:\/\/bistrotcolette.com\/thevillage\/produit\/saucisson-chaud-brioche\/","title":{"rendered":"Saucisson Chaud Brioch\u00e9"},"content":{"rendered":"<p>Saucisson Chaud Brioch\u00e9 &#8211; SALADE &amp; SAUCE MOUTARDE \u00c0 L&#8217;ANCIENNE<\/p>\n","protected":false},"excerpt":{"rendered":"<p>Saucisson Chaud Brioch\u00e9 &#8211; SALADE &amp; SAUCE MOUTARDE \u00c0 L&#8217;ANCIENNE<\/p>\n","protected":false},"featured_media":20739,"template":"","meta":[],"product_cat":[185],"product_tag":[],"class_list":{"0":"post-20571","1":"product","2":"type-product","3":"status-publish","4":"has-post-thumbnail","6":"product_cat-salades","8":"first","9":"instock","10":"taxable","11":"shipping-taxable","12":"purchasable","13":"product-type-simple"},"_links":{"self":[{"href":"https:\/\/bistrotcolette.com\/thevillage\/wp-json\/wp\/v2\/product\/20571","targetHints":{"allow":["GET"]}}],"collection":[{"href":"https:\/\/bistrotcolette.com\/thevillage\/wp-json\/wp\/v2\/product"}],"about":[{"href":"https:\/\/bistrotcolette.com\/thevillage\/wp-json\/wp\/v2\/types\/product"}],"wp:featuredmedia":[{"embeddable":true,"href":"https:\/\/bistrotcolette.com\/thevillage\/wp-json\/wp\/v2\/media\/20739"}],"wp:attachment":[{"href":"https:\/\/bistrotcolette.com\/thevillage\/wp-json\/wp\/v2\/media?parent=20571"}],"wp:term":[{"taxonomy":"product_cat","embeddable":true,"href":"https:\/\/bistrotcolette.com\/thevillage\/wp-json\/wp\/v2\/product_cat?post=20571"},{"taxonomy":"product_tag","embeddable":true,"href":"https:\/\/bistrotcolette.com\/thevillage\/wp-json\/wp\/v2\/product_tag?post=20571"}],"curies":[{"name":"wp","href":"https:\/\/api.w.org\/{rel}","templated":true}]}}