{"id":20929,"date":"2024-10-15T11:33:44","date_gmt":"2024-10-15T09:33:44","guid":{"rendered":"https:\/\/bistrotcolette.com\/thevillage\/?post_type=product&#038;p=20929"},"modified":"2024-12-20T09:51:25","modified_gmt":"2024-12-20T08:51:25","slug":"burger-du-village","status":"publish","type":"product","link":"https:\/\/bistrotcolette.com\/thevillage\/produit\/burger-du-village\/","title":{"rendered":"Burger du village"},"content":{"rendered":"<p>Pain brioch\u00e9, steak hach\u00e9 boucher, raclette, bacon, mayonnaise moutarde \u00e0 l&#8217;ancienne , salade, tomates, oignons crispy et pommes de terre persill\u00e9es.<\/p>\n","protected":false},"excerpt":{"rendered":"<p>Pain brioch\u00e9, steak hach\u00e9 boucher, raclette, bacon, mayonnaise moutarde \u00e0 l&#8217;ancienne , salade, tomates, oignons crispy et pommes de terre persill\u00e9es.<\/p>\n","protected":false},"featured_media":20957,"template":"","meta":[],"product_cat":[187],"product_tag":[],"class_list":{"0":"post-20929","1":"product","2":"type-product","3":"status-publish","4":"has-post-thumbnail","6":"product_cat-plats","8":"first","9":"instock","10":"taxable","11":"shipping-taxable","12":"purchasable","13":"product-type-simple"},"_links":{"self":[{"href":"https:\/\/bistrotcolette.com\/thevillage\/wp-json\/wp\/v2\/product\/20929","targetHints":{"allow":["GET"]}}],"collection":[{"href":"https:\/\/bistrotcolette.com\/thevillage\/wp-json\/wp\/v2\/product"}],"about":[{"href":"https:\/\/bistrotcolette.com\/thevillage\/wp-json\/wp\/v2\/types\/product"}],"wp:featuredmedia":[{"embeddable":true,"href":"https:\/\/bistrotcolette.com\/thevillage\/wp-json\/wp\/v2\/media\/20957"}],"wp:attachment":[{"href":"https:\/\/bistrotcolette.com\/thevillage\/wp-json\/wp\/v2\/media?parent=20929"}],"wp:term":[{"taxonomy":"product_cat","embeddable":true,"href":"https:\/\/bistrotcolette.com\/thevillage\/wp-json\/wp\/v2\/product_cat?post=20929"},{"taxonomy":"product_tag","embeddable":true,"href":"https:\/\/bistrotcolette.com\/thevillage\/wp-json\/wp\/v2\/product_tag?post=20929"}],"curies":[{"name":"wp","href":"https:\/\/api.w.org\/{rel}","templated":true}]}}